{"id":855,"date":"2019-03-19T12:33:03","date_gmt":"2019-03-19T10:33:03","guid":{"rendered":"https:\/\/flywithme.lt\/?page_id=855"},"modified":"2021-08-04T16:43:11","modified_gmt":"2021-08-04T13:43:11","slug":"contact","status":"publish","type":"page","link":"https:\/\/flywithme.lt\/en\/contact\/","title":{"rendered":"Get in touch"},"content":{"rendered":"\n<style type=\"text\/css\" data-created_by=\"avia_inline_auto\" id=\"style-css-av-jplndfjd-5bf7b656b73d43c66ec8c87d039ff03b\">\n.avia-section.av-jplndfjd-5bf7b656b73d43c66ec8c87d039ff03b{\nbackground-repeat:no-repeat;\nbackground-image:url(https:\/\/flywithme.lt\/wp-content\/uploads\/2018\/12\/rudeninis.kelias-mazeika.photo_.jpg);\nbackground-position:50% 100%;\nbackground-attachment:scroll;\n}\n<\/style>\n<div id='av_section_1'  class='avia-section av-jplndfjd-5bf7b656b73d43c66ec8c87d039ff03b main_color avia-section-default avia-no-border-styling  avia-builder-el-0  el_before_av_section  avia-builder-el-first  av-mini-hide avia-full-stretch avia-bg-style-scroll av-minimum-height av-minimum-height-50 av-height-50  container_wrap fullsize'  data-section-bg-repeat='stretch' data-av_minimum_height_pc='50' data-av_min_height_opt='50'><div class='container av-section-cont-open' ><main  role=\"main\" itemprop=\"mainContentOfPage\"  class='template-page content  av-content-full alpha units'><div class='post-entry post-entry-type-page post-entry-855'><div class='entry-content-wrapper clearfix'>\n<\/div><\/div><\/main><!-- close content main element --><\/div><\/div><div id='av_section_2'  class='avia-section av-rhtlj-cef49479830dab5d86be439e7786bce3 main_color avia-section-default avia-no-border-styling  avia-builder-el-1  el_after_av_section  avia-builder-el-last  avia-bg-style-scroll container_wrap fullsize'  ><div class='container av-section-cont-open' ><div class='template-page content  av-content-full alpha units'><div class='post-entry post-entry-type-page post-entry-855'><div class='entry-content-wrapper clearfix'>\n\n<style type=\"text\/css\" data-created_by=\"avia_inline_auto\" id=\"style-css-av-av_heading-5f8f73c8584102f2b433202292ca9b9a\">\n#top .av-special-heading.av-av_heading-5f8f73c8584102f2b433202292ca9b9a{\npadding-bottom:10px;\n}\nbody .av-special-heading.av-av_heading-5f8f73c8584102f2b433202292ca9b9a .av-special-heading-tag .heading-char{\nfont-size:25px;\n}\n.av-special-heading.av-av_heading-5f8f73c8584102f2b433202292ca9b9a .av-subheading{\nfont-size:15px;\n}\n<\/style>\n<div  class='av-special-heading av-av_heading-5f8f73c8584102f2b433202292ca9b9a av-special-heading-h1 blockquote modern-quote  avia-builder-el-2  el_before_av_two_third  avia-builder-el-first  av-linked-heading'><h1 class='av-special-heading-tag '  itemprop=\"headline\"  >Get in touch<\/h1><div class=\"special-heading-border\"><div class=\"special-heading-inner-border\"><\/div><\/div><\/div>\n\n<style type=\"text\/css\" data-created_by=\"avia_inline_auto\" id=\"style-css-av-10ean-bd435437abc8fafd771d6a79763f023f\">\n.flex_column.av-10ean-bd435437abc8fafd771d6a79763f023f{\nborder-radius:0px 0px 0px 0px;\npadding:0px 0px 0px 0px;\n}\n<\/style>\n<div  class='flex_column av-10ean-bd435437abc8fafd771d6a79763f023f av_two_third  avia-builder-el-3  el_after_av_heading  el_before_av_one_third  first flex_column_div av-zero-column-padding  '     ><p><section  class='av_textblock_section av-jpllubw9-10d24576c62fedba9d0db2c5c3aac4f8 '   itemscope=\"itemscope\" itemtype=\"https:\/\/schema.org\/CreativeWork\" ><div class='avia_textblock'  itemprop=\"text\" ><p>Got questions about our hot air balloon flights? Want to reach out regarding a possible partnership or group flight?<\/p>\n<p>Fill in the contact form below and we&#8217;ll get back to you.<\/p>\n<\/div><\/section><br \/>\n<\/p><\/div>\n<style type=\"text\/css\" data-created_by=\"avia_inline_auto\" id=\"style-css-av-jpln5c0b-e21438098b269708ef9ddbf78d3a073e\">\n.flex_column.av-jpln5c0b-e21438098b269708ef9ddbf78d3a073e{\nborder-radius:0px 0px 0px 0px;\npadding:30px 30px 30px 30px;\nbackground-color:#f8f8f8;\n}\n<\/style>\n<div  class='flex_column av-jpln5c0b-e21438098b269708ef9ddbf78d3a073e av_one_third  avia-builder-el-6  el_after_av_two_third  avia-builder-el-last  flex_column_div  '     ><p>\n<style type=\"text\/css\" data-created_by=\"avia_inline_auto\" id=\"style-css-av-av_heading-44508ff5ad6c597cfcecf4e018b00769\">\n#top .av-special-heading.av-av_heading-44508ff5ad6c597cfcecf4e018b00769{\npadding-bottom:10px;\n}\nbody .av-special-heading.av-av_heading-44508ff5ad6c597cfcecf4e018b00769 .av-special-heading-tag .heading-char{\nfont-size:25px;\n}\n.av-special-heading.av-av_heading-44508ff5ad6c597cfcecf4e018b00769 .av-subheading{\nfont-size:15px;\n}\n<\/style>\n<div  class='av-special-heading av-av_heading-44508ff5ad6c597cfcecf4e018b00769 av-special-heading-h2 blockquote modern-quote  avia-builder-el-7  el_before_av_textblock  avia-builder-el-first  av-linked-heading'><h2 class='av-special-heading-tag '  itemprop=\"headline\"  >Company details<\/h2><div class=\"special-heading-border\"><div class=\"special-heading-inner-border\"><\/div><\/div><\/div><br \/>\n<section  class='av_textblock_section av-jpln6ctw-e6b3105fefb14816d8a056501e9c44c8 '   itemscope=\"itemscope\" itemtype=\"https:\/\/schema.org\/CreativeWork\" ><div class='avia_textblock'  itemprop=\"text\" ><p><strong>UAB \u201cTrimate\u201d<\/strong><br \/>\nAddress: <em>30 Striel\u010di\u0173 str., Striel\u010di\u0173 k., Alytaus r.,\u00a064403<\/em><br \/>\nCompany Code: 302747623<br \/>\nEU VAT:\u00a0LT100008872318<br \/>\nEmail:\u00a0<a href=\"mailto:info@flywithme.lt\">info@flywithme.lt<\/a><br \/>\nPhone:\u00a0<a href=\"tel:+37060966111\">+370 609 66111<\/a> (GMT+2)<br \/>\n<abbr title=\"International Bank Account Number\">IBAN<\/abbr>:\u00a0LT917044060007813168<br \/>\nBank: SEB<\/p>\n<\/div><\/section><br \/>\n<div  class='avia-button-wrap av-jpln7243-43f0dfbf93417459f2f79f24341496d4-wrap avia-button-left  avia-builder-el-9  el_after_av_textblock  avia-builder-el-last '><a href='tel:+37060966111'  class='avia-button av-jpln7243-43f0dfbf93417459f2f79f24341496d4 av-link-btn avia-icon_select-yes-left-icon avia-size-medium avia-position-left avia-color-theme-color'   aria-label=\"Give us a call\"><span class='avia_button_icon avia_button_icon_left avia-iconfont avia-font-entypo-fontello' data-av_icon='\ue854' data-av_iconfont='entypo-fontello' ><\/span><span class='avia_iconbox_title' >Give us a call<\/span><\/a><\/div><\/p><\/div>\n","protected":false},"excerpt":{"rendered":"","protected":false},"author":5,"featured_media":774,"parent":0,"menu_order":0,"comment_status":"closed","ping_status":"closed","template":"","meta":{"_monsterinsights_skip_tracking":false,"_monsterinsights_sitenote_active":false,"_monsterinsights_sitenote_note":"","_monsterinsights_sitenote_category":0,"footnotes":""},"class_list":["post-855","page","type-page","status-publish","has-post-thumbnail","hentry"],"yoast_head":"<!-- This site is optimized with the Yoast SEO plugin v27.4 - https:\/\/yoast.com\/product\/yoast-seo-wordpress\/ -->\n<title>Get in touch &#8211; Flywithme.lt<\/title>\n<meta name=\"description\" content=\"Get in touch with us. Find Flywithme.lt (UAB \u201cTrimate\u201d) contact details on this page. Our email: info@flywithme.lt, phone: +370 609 66111.\" \/>\n<meta name=\"robots\" content=\"index, follow, max-snippet:-1, max-image-preview:large, max-video-preview:-1\" \/>\n<link rel=\"canonical\" href=\"https:\/\/flywithme.lt\/en\/contact\/\" \/>\n<meta property=\"og:locale\" content=\"en_US\" \/>\n<meta property=\"og:type\" content=\"article\" \/>\n<meta property=\"og:title\" content=\"Get in touch &#8211; Flywithme.lt\" \/>\n<meta property=\"og:description\" content=\"Get in touch with us. Find Flywithme.lt (UAB \u201cTrimate\u201d) contact details on this page. Our email: info@flywithme.lt, phone: +370 609 66111.\" \/>\n<meta property=\"og:url\" content=\"https:\/\/flywithme.lt\/en\/contact\/\" \/>\n<meta property=\"og:site_name\" content=\"Flywithme.lt\" \/>\n<meta property=\"article:publisher\" content=\"https:\/\/www.facebook.com\/flywithme.ltu\/\" \/>\n<meta property=\"article:modified_time\" content=\"2021-08-04T13:43:11+00:00\" \/>\n<meta property=\"og:image\" content=\"https:\/\/flywithme.lt\/wp-content\/uploads\/2018\/12\/rudeninis.kelias-mazeika.photo_.jpg\" \/>\n\t<meta property=\"og:image:width\" content=\"1617\" \/>\n\t<meta property=\"og:image:height\" content=\"1080\" \/>\n\t<meta property=\"og:image:type\" content=\"image\/jpeg\" \/>\n<meta name=\"twitter:card\" content=\"summary_large_image\" \/>\n<meta name=\"twitter:label1\" content=\"Est. reading time\" \/>\n\t<meta name=\"twitter:data1\" content=\"2 minutes\" \/>\n<script type=\"application\/ld+json\" class=\"yoast-schema-graph\">{\"@context\":\"https:\\\/\\\/schema.org\",\"@graph\":[{\"@type\":\"WebPage\",\"@id\":\"https:\\\/\\\/flywithme.lt\\\/en\\\/contact\\\/\",\"url\":\"https:\\\/\\\/flywithme.lt\\\/en\\\/contact\\\/\",\"name\":\"Get in touch &#8211; Flywithme.lt\",\"isPartOf\":{\"@id\":\"https:\\\/\\\/flywithme.lt\\\/en\\\/#website\"},\"primaryImageOfPage\":{\"@id\":\"https:\\\/\\\/flywithme.lt\\\/en\\\/contact\\\/#primaryimage\"},\"image\":{\"@id\":\"https:\\\/\\\/flywithme.lt\\\/en\\\/contact\\\/#primaryimage\"},\"thumbnailUrl\":\"https:\\\/\\\/flywithme.lt\\\/wp-content\\\/uploads\\\/2018\\\/12\\\/rudeninis.kelias-mazeika.photo_.jpg\",\"datePublished\":\"2019-03-19T10:33:03+00:00\",\"dateModified\":\"2021-08-04T13:43:11+00:00\",\"description\":\"Get in touch with us. Find Flywithme.lt (UAB \u201cTrimate\u201d) contact details on this page. Our email: info@flywithme.lt, phone: +370 609 66111.\",\"breadcrumb\":{\"@id\":\"https:\\\/\\\/flywithme.lt\\\/en\\\/contact\\\/#breadcrumb\"},\"inLanguage\":\"en-US\",\"potentialAction\":[{\"@type\":\"ReadAction\",\"target\":[\"https:\\\/\\\/flywithme.lt\\\/en\\\/contact\\\/\"]}]},{\"@type\":\"ImageObject\",\"inLanguage\":\"en-US\",\"@id\":\"https:\\\/\\\/flywithme.lt\\\/en\\\/contact\\\/#primaryimage\",\"url\":\"https:\\\/\\\/flywithme.lt\\\/wp-content\\\/uploads\\\/2018\\\/12\\\/rudeninis.kelias-mazeika.photo_.jpg\",\"contentUrl\":\"https:\\\/\\\/flywithme.lt\\\/wp-content\\\/uploads\\\/2018\\\/12\\\/rudeninis.kelias-mazeika.photo_.jpg\",\"width\":1617,\"height\":1080},{\"@type\":\"BreadcrumbList\",\"@id\":\"https:\\\/\\\/flywithme.lt\\\/en\\\/contact\\\/#breadcrumb\",\"itemListElement\":[{\"@type\":\"ListItem\",\"position\":1,\"name\":\"Home\",\"item\":\"https:\\\/\\\/flywithme.lt\\\/en\\\/\"},{\"@type\":\"ListItem\",\"position\":2,\"name\":\"Get in touch\"}]},{\"@type\":\"WebSite\",\"@id\":\"https:\\\/\\\/flywithme.lt\\\/en\\\/#website\",\"url\":\"https:\\\/\\\/flywithme.lt\\\/en\\\/\",\"name\":\"Flywithme.lt\",\"description\":\"skryd\u017eiai oro balionu\",\"potentialAction\":[{\"@type\":\"SearchAction\",\"target\":{\"@type\":\"EntryPoint\",\"urlTemplate\":\"https:\\\/\\\/flywithme.lt\\\/en\\\/?s={search_term_string}\"},\"query-input\":{\"@type\":\"PropertyValueSpecification\",\"valueRequired\":true,\"valueName\":\"search_term_string\"}}],\"inLanguage\":\"en-US\"}]}<\/script>\n<!-- \/ Yoast SEO plugin. -->","yoast_head_json":{"title":"Get in touch &#8211; Flywithme.lt","description":"Get in touch with us. Find Flywithme.lt (UAB \u201cTrimate\u201d) contact details on this page. Our email: info@flywithme.lt, phone: +370 609 66111.","robots":{"index":"index","follow":"follow","max-snippet":"max-snippet:-1","max-image-preview":"max-image-preview:large","max-video-preview":"max-video-preview:-1"},"canonical":"https:\/\/flywithme.lt\/en\/contact\/","og_locale":"en_US","og_type":"article","og_title":"Get in touch &#8211; Flywithme.lt","og_description":"Get in touch with us. Find Flywithme.lt (UAB \u201cTrimate\u201d) contact details on this page. Our email: info@flywithme.lt, phone: +370 609 66111.","og_url":"https:\/\/flywithme.lt\/en\/contact\/","og_site_name":"Flywithme.lt","article_publisher":"https:\/\/www.facebook.com\/flywithme.ltu\/","article_modified_time":"2021-08-04T13:43:11+00:00","og_image":[{"width":1617,"height":1080,"url":"https:\/\/flywithme.lt\/wp-content\/uploads\/2018\/12\/rudeninis.kelias-mazeika.photo_.jpg","type":"image\/jpeg"}],"twitter_card":"summary_large_image","twitter_misc":{"Est. reading time":"2 minutes"},"schema":{"@context":"https:\/\/schema.org","@graph":[{"@type":"WebPage","@id":"https:\/\/flywithme.lt\/en\/contact\/","url":"https:\/\/flywithme.lt\/en\/contact\/","name":"Get in touch &#8211; Flywithme.lt","isPartOf":{"@id":"https:\/\/flywithme.lt\/en\/#website"},"primaryImageOfPage":{"@id":"https:\/\/flywithme.lt\/en\/contact\/#primaryimage"},"image":{"@id":"https:\/\/flywithme.lt\/en\/contact\/#primaryimage"},"thumbnailUrl":"https:\/\/flywithme.lt\/wp-content\/uploads\/2018\/12\/rudeninis.kelias-mazeika.photo_.jpg","datePublished":"2019-03-19T10:33:03+00:00","dateModified":"2021-08-04T13:43:11+00:00","description":"Get in touch with us. Find Flywithme.lt (UAB \u201cTrimate\u201d) contact details on this page. Our email: info@flywithme.lt, phone: +370 609 66111.","breadcrumb":{"@id":"https:\/\/flywithme.lt\/en\/contact\/#breadcrumb"},"inLanguage":"en-US","potentialAction":[{"@type":"ReadAction","target":["https:\/\/flywithme.lt\/en\/contact\/"]}]},{"@type":"ImageObject","inLanguage":"en-US","@id":"https:\/\/flywithme.lt\/en\/contact\/#primaryimage","url":"https:\/\/flywithme.lt\/wp-content\/uploads\/2018\/12\/rudeninis.kelias-mazeika.photo_.jpg","contentUrl":"https:\/\/flywithme.lt\/wp-content\/uploads\/2018\/12\/rudeninis.kelias-mazeika.photo_.jpg","width":1617,"height":1080},{"@type":"BreadcrumbList","@id":"https:\/\/flywithme.lt\/en\/contact\/#breadcrumb","itemListElement":[{"@type":"ListItem","position":1,"name":"Home","item":"https:\/\/flywithme.lt\/en\/"},{"@type":"ListItem","position":2,"name":"Get in touch"}]},{"@type":"WebSite","@id":"https:\/\/flywithme.lt\/en\/#website","url":"https:\/\/flywithme.lt\/en\/","name":"Flywithme.lt","description":"skryd\u017eiai oro balionu","potentialAction":[{"@type":"SearchAction","target":{"@type":"EntryPoint","urlTemplate":"https:\/\/flywithme.lt\/en\/?s={search_term_string}"},"query-input":{"@type":"PropertyValueSpecification","valueRequired":true,"valueName":"search_term_string"}}],"inLanguage":"en-US"}]}},"jetpack_sharing_enabled":true,"_links":{"self":[{"href":"https:\/\/flywithme.lt\/en\/wp-json\/wp\/v2\/pages\/855","targetHints":{"allow":["GET"]}}],"collection":[{"href":"https:\/\/flywithme.lt\/en\/wp-json\/wp\/v2\/pages"}],"about":[{"href":"https:\/\/flywithme.lt\/en\/wp-json\/wp\/v2\/types\/page"}],"author":[{"embeddable":true,"href":"https:\/\/flywithme.lt\/en\/wp-json\/wp\/v2\/users\/5"}],"replies":[{"embeddable":true,"href":"https:\/\/flywithme.lt\/en\/wp-json\/wp\/v2\/comments?post=855"}],"version-history":[{"count":0,"href":"https:\/\/flywithme.lt\/en\/wp-json\/wp\/v2\/pages\/855\/revisions"}],"wp:featuredmedia":[{"embeddable":true,"href":"https:\/\/flywithme.lt\/en\/wp-json\/wp\/v2\/media\/774"}],"wp:attachment":[{"href":"https:\/\/flywithme.lt\/en\/wp-json\/wp\/v2\/media?parent=855"}],"curies":[{"name":"wp","href":"https:\/\/api.w.org\/{rel}","templated":true}]}}